{"id":1771,"date":"2024-06-26T15:41:52","date_gmt":"2024-06-26T13:41:52","guid":{"rendered":"https:\/\/beaurenard.fr\/our-land\/"},"modified":"2024-11-04T13:59:21","modified_gmt":"2024-11-04T12:59:21","slug":"our-land","status":"publish","type":"page","link":"https:\/\/beaurenard.fr\/en\/our-land\/","title":{"rendered":"Our land"},"content":{"rendered":"\t\t<div data-elementor-type=\"wp-page\" data-elementor-id=\"1771\" class=\"elementor elementor-1771 elementor-271\" data-elementor-post-type=\"page\">\n\t\t\t\t<div class=\"elementor-element elementor-element-e90560a e-con-full e-flex e-con e-parent\" data-id=\"e90560a\" data-element_type=\"container\" data-settings=\"{&quot;background_background&quot;:&quot;classic&quot;}\">\n\t\t\t\t<div class=\"elementor-element elementor-element-3a4ea6d abosute-bottom-center-title elementor-widget-mobile__width-inherit elementor-widget elementor-widget-heading\" data-id=\"3a4ea6d\" data-element_type=\"widget\" data-widget_type=\"heading.default\">\n\t\t\t\t<div class=\"elementor-widget-container\">\n\t\t\t\t\t<h1 class=\"elementor-heading-title elementor-size-default\">OUR LAND<\/h1>\t\t\t\t<\/div>\n\t\t\t\t<\/div>\n\t\t\t\t<div class=\"elementor-element elementor-element-b896a9d abosute-bottom-center-arrow elementor-align-center elementor-widget elementor-widget-lottie\" data-id=\"b896a9d\" data-element_type=\"widget\" data-settings=\"{&quot;source_json&quot;:{&quot;url&quot;:&quot;http:\\\/\\\/wzocffv.cluster023.hosting.ovh.net\\\/wp-content\\\/uploads\\\/2024\\\/07\\\/ANIMATION-FLECHE.json&quot;,&quot;id&quot;:1222,&quot;size&quot;:&quot;&quot;,&quot;alt&quot;:&quot;&quot;,&quot;source&quot;:&quot;library&quot;},&quot;loop&quot;:&quot;yes&quot;,&quot;source&quot;:&quot;media_file&quot;,&quot;caption_source&quot;:&quot;none&quot;,&quot;link_to&quot;:&quot;none&quot;,&quot;trigger&quot;:&quot;arriving_to_viewport&quot;,&quot;viewport&quot;:{&quot;unit&quot;:&quot;%&quot;,&quot;size&quot;:&quot;&quot;,&quot;sizes&quot;:{&quot;start&quot;:0,&quot;end&quot;:100}},&quot;play_speed&quot;:{&quot;unit&quot;:&quot;px&quot;,&quot;size&quot;:1,&quot;sizes&quot;:[]},&quot;start_point&quot;:{&quot;unit&quot;:&quot;%&quot;,&quot;size&quot;:0,&quot;sizes&quot;:[]},&quot;end_point&quot;:{&quot;unit&quot;:&quot;%&quot;,&quot;size&quot;:100,&quot;sizes&quot;:[]},&quot;renderer&quot;:&quot;svg&quot;}\" data-widget_type=\"lottie.default\">\n\t\t\t\t<div class=\"elementor-widget-container\">\n\t\t\t\t\t<div class=\"e-lottie__container\"><div class=\"e-lottie__animation\"><\/div><\/div>\t\t\t\t<\/div>\n\t\t\t\t<\/div>\n\t\t\t\t<\/div>\n\t\t<div class=\"elementor-element elementor-element-33574dec e-con-full e-flex e-con e-parent\" data-id=\"33574dec\" data-element_type=\"container\" data-settings=\"{&quot;background_background&quot;:&quot;classic&quot;}\">\n\t\t<div class=\"elementor-element elementor-element-698835f7 e-con-full no-gap e-flex e-con e-child\" data-id=\"698835f7\" data-element_type=\"container\" data-settings=\"{&quot;background_background&quot;:&quot;classic&quot;}\">\n\t\t\t\t<div class=\"elementor-element elementor-element-1b86578 elementor-hidden-desktop elementor-hidden-tablet elementor-widget elementor-widget-image\" data-id=\"1b86578\" data-element_type=\"widget\" data-widget_type=\"image.default\">\n\t\t\t\t<div class=\"elementor-widget-container\">\n\t\t\t\t\t\t\t\t\t\t\t\t\t\t\t<img fetchpriority=\"high\" decoding=\"async\" width=\"640\" height=\"389\" src=\"https:\/\/beaurenard.fr\/wp-content\/uploads\/2024\/06\/photo-geste-1024x623.png\" class=\"attachment-large size-large wp-image-1021\" alt=\"\" srcset=\"https:\/\/beaurenard.fr\/wp-content\/uploads\/2024\/06\/photo-geste-1024x623.png 1024w, https:\/\/beaurenard.fr\/wp-content\/uploads\/2024\/06\/photo-geste-300x182.png 300w, https:\/\/beaurenard.fr\/wp-content\/uploads\/2024\/06\/photo-geste-768x467.png 768w, https:\/\/beaurenard.fr\/wp-content\/uploads\/2024\/06\/elementor\/thumbs\/photo-geste-qq8a0ir89yctx3zva2ssfdm92gqygeugas9cj84h4o.png 1226w, https:\/\/beaurenard.fr\/wp-content\/uploads\/2024\/06\/photo-geste.png 1232w\" sizes=\"(max-width: 640px) 100vw, 640px\" \/>\t\t\t\t\t\t\t\t\t\t\t\t\t\t\t<\/div>\n\t\t\t\t<\/div>\n\t\t\t\t<div class=\"elementor-element elementor-element-7b12c007 content-builder elementor-widget__width-initial elementor-widget elementor-widget-text-editor\" data-id=\"7b12c007\" data-element_type=\"widget\" data-widget_type=\"text-editor.default\">\n\t\t\t\t<div class=\"elementor-widget-container\">\n\t\t\t\t\t\t\t\t\t<h2>Ch\u00e2teauneuf-du-Pape<\/h2>\n<p>It began with a parcel known as Bois Reynard (which in time became Beaurenard) situated in the north-west part of the Ch\u00e2teauneuf-du-Pape appellation, on white limestone slopes facing the Rhone. <br \/>Since then, 43 other terroir plots have added their diversity to the estate, with soils that fall broadly into four main pedological types: limestone that confers length and vibrancy, sand that offers great finesse, and round pebbles and red sandstone that give palate pleasing complexity and depth.<\/p>\n\t\t\t\t\t\t\t\t<\/div>\n\t\t\t\t<\/div>\n\t\t\t\t<\/div>\n\t\t\t\t<\/div>\n\t\t<div class=\"elementor-element elementor-element-6eb09da1 e-con-full e-flex e-con e-parent\" data-id=\"6eb09da1\" data-element_type=\"container\" data-settings=\"{&quot;background_background&quot;:&quot;classic&quot;}\">\n\t\t<div class=\"elementor-element elementor-element-3a699384 e-con-full e-flex e-con e-child\" data-id=\"3a699384\" data-element_type=\"container\">\n\t\t\t\t<div class=\"elementor-element elementor-element-49edf322 content-builder elementor-widget__width-initial elementor-widget elementor-widget-text-editor\" data-id=\"49edf322\" data-element_type=\"widget\" data-widget_type=\"text-editor.default\">\n\t\t\t\t<div class=\"elementor-widget-container\">\n\t\t\t\t\t\t\t\t\t<p>The work of observation is constant in each parcel, with each gesture being adapted to every plot in a personalized, made-to-measure approach. The blustering Mistral is ever present, keeping the vines healthy all year long, sculpting the landscape, setting the rhythm. <br \/>In the heart of the village, opposite the family property, the private conservatory of the Coulon family displays its precious treasure. Thirteen densely planted grape varieties in a shining example of a reserve of diversity that reflects ancestral skills, perfectly illustrated by old vines such as at Cabri\u00e8res where red and white varieties were cleft grafted in the field in 1920.    <\/p>\n\t\t\t\t\t\t\t\t<\/div>\n\t\t\t\t<\/div>\n\t\t\t\t<\/div>\n\t\t<div class=\"elementor-element elementor-element-77bb36ed e-con-full e-flex e-con e-child\" data-id=\"77bb36ed\" data-element_type=\"container\">\n\t\t\t\t<div class=\"elementor-element elementor-element-45a8a143 elementor-hidden-desktop elementor-hidden-tablet y-overflow-hidden elementor-widget elementor-widget-image\" data-id=\"45a8a143\" data-element_type=\"widget\" data-widget_type=\"image.default\">\n\t\t\t\t<div class=\"elementor-widget-container\">\n\t\t\t\t\t\t\t\t\t\t\t\t\t\t\t<img decoding=\"async\" width=\"640\" height=\"391\" src=\"https:\/\/beaurenard.fr\/wp-content\/uploads\/2024\/06\/daniel-frederic-1024x625.png\" class=\"attachment-large size-large wp-image-1030\" alt=\"\" srcset=\"https:\/\/beaurenard.fr\/wp-content\/uploads\/2024\/06\/daniel-frederic-1024x625.png 1024w, https:\/\/beaurenard.fr\/wp-content\/uploads\/2024\/06\/daniel-frederic-300x183.png 300w, https:\/\/beaurenard.fr\/wp-content\/uploads\/2024\/06\/daniel-frederic-768x469.png 768w, https:\/\/beaurenard.fr\/wp-content\/uploads\/2024\/06\/daniel-frederic.png 1226w\" sizes=\"(max-width: 640px) 100vw, 640px\" \/>\t\t\t\t\t\t\t\t\t\t\t\t\t\t\t<\/div>\n\t\t\t\t<\/div>\n\t\t\t\t<\/div>\n\t\t\t\t<\/div>\n\t\t<div class=\"elementor-element elementor-element-45cf53d0 e-con-full e-flex e-con e-parent\" data-id=\"45cf53d0\" data-element_type=\"container\" data-settings=\"{&quot;background_background&quot;:&quot;classic&quot;}\">\n\t\t<div class=\"elementor-element elementor-element-620b249e e-con-full no-gap e-flex e-con e-child\" data-id=\"620b249e\" data-element_type=\"container\" data-settings=\"{&quot;background_background&quot;:&quot;classic&quot;}\">\n\t\t\t\t<div class=\"elementor-element elementor-element-2602c94f elementor-hidden-desktop elementor-hidden-tablet elementor-widget elementor-widget-image\" data-id=\"2602c94f\" data-element_type=\"widget\" data-widget_type=\"image.default\">\n\t\t\t\t<div class=\"elementor-widget-container\">\n\t\t\t\t\t\t\t\t\t\t\t\t\t\t\t<img decoding=\"async\" width=\"640\" height=\"391\" src=\"https:\/\/beaurenard.fr\/wp-content\/uploads\/2024\/06\/tasteau-1024x625.png\" class=\"attachment-large size-large wp-image-1025\" alt=\"\" srcset=\"https:\/\/beaurenard.fr\/wp-content\/uploads\/2024\/06\/tasteau-1024x625.png 1024w, https:\/\/beaurenard.fr\/wp-content\/uploads\/2024\/06\/tasteau-300x183.png 300w, https:\/\/beaurenard.fr\/wp-content\/uploads\/2024\/06\/tasteau-768x469.png 768w, https:\/\/beaurenard.fr\/wp-content\/uploads\/2024\/06\/tasteau.png 1226w\" sizes=\"(max-width: 640px) 100vw, 640px\" \/>\t\t\t\t\t\t\t\t\t\t\t\t\t\t\t<\/div>\n\t\t\t\t<\/div>\n\t\t\t\t<div class=\"elementor-element elementor-element-6524f330 content-builder elementor-widget__width-initial elementor-widget elementor-widget-text-editor\" data-id=\"6524f330\" data-element_type=\"widget\" data-widget_type=\"text-editor.default\">\n\t\t\t\t<div class=\"elementor-widget-container\">\n\t\t\t\t\t\t\t\t\t<h2>Rasteau and <br \/>C\u00f4tes du Rh\u00f4ne<\/h2><p>The land at Rasteau, further north, was acquired by the family in 1980. Staggered hillsides on the parcels known as Pisan and Pas du Meunier form a world of beige, blue, yellow, and pink clays over 25 hectares of unspoilt nature that can be categorized into 16 types of terroir. <br \/>These vines sit on terraces bathed in sun facing the famous Dentelles de Montmirail hills, between woods of holm and deciduous oaks scattered with cistus flowers, where buzzards, eagles and other birds of prey freely soar. <br \/>The parcels of C\u00f4tes du Rh\u00f4ne to the north of Orange, on the edge of the forest-clad hills of Uchaux, offer a green amphitheater of well-draining gravel, in a magnificent, preserved environment.<\/p>\t\t\t\t\t\t\t\t<\/div>\n\t\t\t\t<\/div>\n\t\t\t\t<\/div>\n\t\t\t\t<\/div>\n\t\t<div class=\"elementor-element elementor-element-7cb86e52 e-con-full e-flex e-con e-parent\" data-id=\"7cb86e52\" data-element_type=\"container\" data-settings=\"{&quot;background_background&quot;:&quot;classic&quot;}\">\n\t\t<div class=\"elementor-element elementor-element-22d94273 e-con-full no-gap e-flex e-con e-child\" data-id=\"22d94273\" data-element_type=\"container\" data-settings=\"{&quot;background_background&quot;:&quot;classic&quot;}\">\n\t\t\t\t<div class=\"elementor-element elementor-element-22c970e5 elementor-hidden-desktop elementor-hidden-tablet elementor-widget elementor-widget-image\" data-id=\"22c970e5\" data-element_type=\"widget\" data-widget_type=\"image.default\">\n\t\t\t\t<div class=\"elementor-widget-container\">\n\t\t\t\t\t\t\t\t\t\t\t\t\t\t\t<img loading=\"lazy\" decoding=\"async\" width=\"640\" height=\"391\" src=\"https:\/\/beaurenard.fr\/wp-content\/uploads\/2024\/06\/chateau-neuf-du-pape-1024x625.png\" class=\"attachment-large size-large wp-image-1023\" alt=\"\" srcset=\"https:\/\/beaurenard.fr\/wp-content\/uploads\/2024\/06\/chateau-neuf-du-pape-1024x625.png 1024w, https:\/\/beaurenard.fr\/wp-content\/uploads\/2024\/06\/chateau-neuf-du-pape-300x183.png 300w, https:\/\/beaurenard.fr\/wp-content\/uploads\/2024\/06\/chateau-neuf-du-pape-768x469.png 768w, https:\/\/beaurenard.fr\/wp-content\/uploads\/2024\/06\/chateau-neuf-du-pape.png 1226w\" sizes=\"(max-width: 640px) 100vw, 640px\" \/>\t\t\t\t\t\t\t\t\t\t\t\t\t\t\t<\/div>\n\t\t\t\t<\/div>\n\t\t\t\t<div class=\"elementor-element elementor-element-79f45262 content-builder elementor-widget__width-initial elementor-widget elementor-widget-text-editor\" data-id=\"79f45262\" data-element_type=\"widget\" data-widget_type=\"text-editor.default\">\n\t\t\t\t<div class=\"elementor-widget-container\">\n\t\t\t\t\t\t\t\t\t<h2>Our work <\/h2>\n<p>In the mid-eighties, R\u00e9gine Coulon, who was interested in natural remedies, favored a holistic, global approach to the world, and naturally her husband Paul and her sons Daniel and Fr\u00e9d\u00e9ric applied this same concept in the vineyard. After experimenting, undertaking trials, and observing their vines for more than twenty years, it was self-evident for them to seek organic (Ecocert) and biodynamic (Demeter) certification, a process they began in 2007. <br \/>Soft pruning that respects the flow of the sap, accompanied by the Mistral wind all through the winter, characterizes the viticultural landscape at Domaine de Beauregard until the first days of spring. <br \/>The vines are directly grafted in the parcel, to induce strong root growth and extend the life of the vine. All the grape varieties are mixed &#8211; red and white together &#8211; to offer a deeper expression of their terroirs.     <\/p>\n\t\t\t\t\t\t\t\t<\/div>\n\t\t\t\t<\/div>\n\t\t\t\t<\/div>\n\t\t\t\t<\/div>\n\t\t<div class=\"elementor-element elementor-element-43277191 e-con-full e-flex e-con e-parent\" data-id=\"43277191\" data-element_type=\"container\" data-settings=\"{&quot;background_background&quot;:&quot;classic&quot;}\">\n\t\t<div class=\"elementor-element elementor-element-2795fd14 e-con-full e-flex e-con e-child\" data-id=\"2795fd14\" data-element_type=\"container\">\n\t\t\t\t<div class=\"elementor-element elementor-element-33c7207c content-builder elementor-widget__width-initial elementor-widget elementor-widget-text-editor\" data-id=\"33c7207c\" data-element_type=\"widget\" data-widget_type=\"text-editor.default\">\n\t\t\t\t<div class=\"elementor-widget-container\">\n\t\t\t\t\t\t\t\t\t<p>The soils under the row are tilled by hand, by horse traction and mechanical inter-vine hoes, and each parcel has its own cover crops for more than 6 months. In the spring this vegetation is mown, and progressively develops into a rich mulch that protects the soil and its inhabitants from the scorching rays of the sun.  <br \/>The regular application of organic matter, spraying of plant infusions, essential oils, or oligo-elements also form part of the meticulous care with which the vines are tended. <br \/>These are all intangibles that link the plant to its place of origin, and these practices, this philosophy, intensify the beauty and the flavor of the grapes that are picked by hand. Here Grenache has the taste of an old variety of apricot, the Cinsault is floral and powdery, and the Picardon is delicate and finely honed.   <\/p>\n\t\t\t\t\t\t\t\t<\/div>\n\t\t\t\t<\/div>\n\t\t\t\t<\/div>\n\t\t<div class=\"elementor-element elementor-element-5718b322 e-con-full e-flex e-con e-child\" data-id=\"5718b322\" data-element_type=\"container\">\n\t\t\t\t<div class=\"elementor-element elementor-element-74f191dd elementor-hidden-desktop elementor-hidden-tablet y-overflow-hidden elementor-widget elementor-widget-image\" data-id=\"74f191dd\" data-element_type=\"widget\" data-widget_type=\"image.default\">\n\t\t\t\t<div class=\"elementor-widget-container\">\n\t\t\t\t\t\t\t\t\t\t\t\t\t\t\t<img loading=\"lazy\" decoding=\"async\" width=\"640\" height=\"391\" src=\"https:\/\/beaurenard.fr\/wp-content\/uploads\/2024\/06\/photo-sols-1024x625.png\" class=\"attachment-large size-large wp-image-1027\" alt=\"\" srcset=\"https:\/\/beaurenard.fr\/wp-content\/uploads\/2024\/06\/photo-sols-1024x625.png 1024w, https:\/\/beaurenard.fr\/wp-content\/uploads\/2024\/06\/photo-sols-300x183.png 300w, https:\/\/beaurenard.fr\/wp-content\/uploads\/2024\/06\/photo-sols-768x469.png 768w, https:\/\/beaurenard.fr\/wp-content\/uploads\/2024\/06\/photo-sols.png 1226w\" sizes=\"(max-width: 640px) 100vw, 640px\" \/>\t\t\t\t\t\t\t\t\t\t\t\t\t\t\t<\/div>\n\t\t\t\t<\/div>\n\t\t\t\t<\/div>\n\t\t\t\t<\/div>\n\t\t\t\t<\/div>\n\t\t","protected":false},"excerpt":{"rendered":"<p>OUR LAND Ch\u00e2teauneuf-du-Pape It began with a parcel known as Bois Reynard (which in time became Beaurenard) situated in the north-west part of the Ch\u00e2teauneuf-du-Pape appellation, on white limestone slopes facing the Rhone. Since then, 43 other terroir plots have added their diversity to the estate, with soils that fall broadly into four main pedological [&hellip;]<\/p>\n","protected":false},"author":1,"featured_media":0,"parent":0,"menu_order":0,"comment_status":"closed","ping_status":"closed","template":"","meta":{"_acf_changed":false,"inline_featured_image":false,"footnotes":""},"class_list":["post-1771","page","type-page","status-publish","hentry"],"acf":[],"yoast_head":"<!-- This site is optimized with the Yoast SEO plugin v26.0 - https:\/\/yoast.com\/wordpress\/plugins\/seo\/ -->\n<title>Our land - Domaine de Beaurenard<\/title>\n<meta name=\"description\" content=\"Explore the unique terroirs of Domaine Beaurenard in Ch\u00e2teauneuf-du-Pape, Rasteau, and C\u00f4tes-du-Rh\u00f4ne. Discover our biodynamic approach and commitment to biodiversity. Learn how our viticulture methods and respect for traditions enhance the quality and complexity of our wines.\" \/>\n<meta name=\"robots\" content=\"index, follow, max-snippet:-1, max-image-preview:large, max-video-preview:-1\" \/>\n<link rel=\"canonical\" href=\"https:\/\/beaurenard.fr\/en\/our-land\/\" \/>\n<meta property=\"og:locale\" content=\"en_US\" \/>\n<meta property=\"og:type\" content=\"article\" \/>\n<meta property=\"og:title\" content=\"Our land - Domaine de Beaurenard\" \/>\n<meta property=\"og:description\" content=\"Explore the unique terroirs of Domaine Beaurenard in Ch\u00e2teauneuf-du-Pape, Rasteau, and C\u00f4tes-du-Rh\u00f4ne. Discover our biodynamic approach and commitment to biodiversity. Learn how our viticulture methods and respect for traditions enhance the quality and complexity of our wines.\" \/>\n<meta property=\"og:url\" content=\"https:\/\/beaurenard.fr\/en\/our-land\/\" \/>\n<meta property=\"og:site_name\" content=\"Domaine de Beaurenard\" \/>\n<meta property=\"article:modified_time\" content=\"2024-11-04T12:59:21+00:00\" \/>\n<meta property=\"og:image\" content=\"https:\/\/beaurenard.fr\/wp-content\/uploads\/2024\/06\/victore-antonin.png\" \/>\n\t<meta property=\"og:image:width\" content=\"1226\" \/>\n\t<meta property=\"og:image:height\" content=\"748\" \/>\n\t<meta property=\"og:image:type\" content=\"image\/png\" \/>\n<meta name=\"twitter:card\" content=\"summary_large_image\" \/>\n<meta name=\"twitter:label1\" content=\"Est. reading time\" \/>\n\t<meta name=\"twitter:data1\" content=\"4 minutes\" \/>\n<script type=\"application\/ld+json\" class=\"yoast-schema-graph\">{\"@context\":\"https:\/\/schema.org\",\"@graph\":[{\"@type\":\"WebPage\",\"@id\":\"https:\/\/beaurenard.fr\/en\/our-land\/\",\"url\":\"https:\/\/beaurenard.fr\/en\/our-land\/\",\"name\":\"Our land - Domaine de Beaurenard\",\"isPartOf\":{\"@id\":\"https:\/\/beaurenard.fr\/#website\"},\"primaryImageOfPage\":{\"@id\":\"https:\/\/beaurenard.fr\/en\/our-land\/#primaryimage\"},\"image\":{\"@id\":\"https:\/\/beaurenard.fr\/en\/our-land\/#primaryimage\"},\"thumbnailUrl\":\"https:\/\/beaurenard.fr\/wp-content\/uploads\/2024\/06\/photo-geste-1024x623.png\",\"datePublished\":\"2024-06-26T13:41:52+00:00\",\"dateModified\":\"2024-11-04T12:59:21+00:00\",\"description\":\"Explore the unique terroirs of Domaine Beaurenard in Ch\u00e2teauneuf-du-Pape, Rasteau, and C\u00f4tes-du-Rh\u00f4ne. Discover our biodynamic approach and commitment to biodiversity. Learn how our viticulture methods and respect for traditions enhance the quality and complexity of our wines.\",\"breadcrumb\":{\"@id\":\"https:\/\/beaurenard.fr\/en\/our-land\/#breadcrumb\"},\"inLanguage\":\"en-US\",\"potentialAction\":[{\"@type\":\"ReadAction\",\"target\":[\"https:\/\/beaurenard.fr\/en\/our-land\/\"]}]},{\"@type\":\"ImageObject\",\"inLanguage\":\"en-US\",\"@id\":\"https:\/\/beaurenard.fr\/en\/our-land\/#primaryimage\",\"url\":\"https:\/\/beaurenard.fr\/wp-content\/uploads\/2024\/06\/photo-geste-1024x623.png\",\"contentUrl\":\"https:\/\/beaurenard.fr\/wp-content\/uploads\/2024\/06\/photo-geste-1024x623.png\"},{\"@type\":\"BreadcrumbList\",\"@id\":\"https:\/\/beaurenard.fr\/en\/our-land\/#breadcrumb\",\"itemListElement\":[{\"@type\":\"ListItem\",\"position\":1,\"name\":\"Accueil\",\"item\":\"https:\/\/beaurenard.fr\/en\/\"},{\"@type\":\"ListItem\",\"position\":2,\"name\":\"Our land\"}]},{\"@type\":\"WebSite\",\"@id\":\"https:\/\/beaurenard.fr\/#website\",\"url\":\"https:\/\/beaurenard.fr\/\",\"name\":\"Domaine Beaurenard\",\"description\":\"Famille Coulon\",\"publisher\":{\"@id\":\"https:\/\/beaurenard.fr\/#organization\"},\"potentialAction\":[{\"@type\":\"SearchAction\",\"target\":{\"@type\":\"EntryPoint\",\"urlTemplate\":\"https:\/\/beaurenard.fr\/?s={search_term_string}\"},\"query-input\":{\"@type\":\"PropertyValueSpecification\",\"valueRequired\":true,\"valueName\":\"search_term_string\"}}],\"inLanguage\":\"en-US\"},{\"@type\":\"Organization\",\"@id\":\"https:\/\/beaurenard.fr\/#organization\",\"name\":\"Domaine Beaurenard\",\"url\":\"https:\/\/beaurenard.fr\/\",\"logo\":{\"@type\":\"ImageObject\",\"inLanguage\":\"en-US\",\"@id\":\"https:\/\/beaurenard.fr\/#\/schema\/logo\/image\/\",\"url\":\"https:\/\/beaurenard.fr\/wp-content\/uploads\/2024\/06\/logo-couleur.svg\",\"contentUrl\":\"https:\/\/beaurenard.fr\/wp-content\/uploads\/2024\/06\/logo-couleur.svg\",\"width\":213,\"height\":168,\"caption\":\"Domaine Beaurenard\"},\"image\":{\"@id\":\"https:\/\/beaurenard.fr\/#\/schema\/logo\/image\/\"}}]}<\/script>\n<!-- \/ Yoast SEO plugin. -->","yoast_head_json":{"title":"Our land - Domaine de Beaurenard","description":"Explore the unique terroirs of Domaine Beaurenard in Ch\u00e2teauneuf-du-Pape, Rasteau, and C\u00f4tes-du-Rh\u00f4ne. Discover our biodynamic approach and commitment to biodiversity. Learn how our viticulture methods and respect for traditions enhance the quality and complexity of our wines.","robots":{"index":"index","follow":"follow","max-snippet":"max-snippet:-1","max-image-preview":"max-image-preview:large","max-video-preview":"max-video-preview:-1"},"canonical":"https:\/\/beaurenard.fr\/en\/our-land\/","og_locale":"en_US","og_type":"article","og_title":"Our land - Domaine de Beaurenard","og_description":"Explore the unique terroirs of Domaine Beaurenard in Ch\u00e2teauneuf-du-Pape, Rasteau, and C\u00f4tes-du-Rh\u00f4ne. Discover our biodynamic approach and commitment to biodiversity. Learn how our viticulture methods and respect for traditions enhance the quality and complexity of our wines.","og_url":"https:\/\/beaurenard.fr\/en\/our-land\/","og_site_name":"Domaine de Beaurenard","article_modified_time":"2024-11-04T12:59:21+00:00","og_image":[{"width":1226,"height":748,"url":"https:\/\/beaurenard.fr\/wp-content\/uploads\/2024\/06\/victore-antonin.png","type":"image\/png"}],"twitter_card":"summary_large_image","twitter_misc":{"Est. reading time":"4 minutes"},"schema":{"@context":"https:\/\/schema.org","@graph":[{"@type":"WebPage","@id":"https:\/\/beaurenard.fr\/en\/our-land\/","url":"https:\/\/beaurenard.fr\/en\/our-land\/","name":"Our land - Domaine de Beaurenard","isPartOf":{"@id":"https:\/\/beaurenard.fr\/#website"},"primaryImageOfPage":{"@id":"https:\/\/beaurenard.fr\/en\/our-land\/#primaryimage"},"image":{"@id":"https:\/\/beaurenard.fr\/en\/our-land\/#primaryimage"},"thumbnailUrl":"https:\/\/beaurenard.fr\/wp-content\/uploads\/2024\/06\/photo-geste-1024x623.png","datePublished":"2024-06-26T13:41:52+00:00","dateModified":"2024-11-04T12:59:21+00:00","description":"Explore the unique terroirs of Domaine Beaurenard in Ch\u00e2teauneuf-du-Pape, Rasteau, and C\u00f4tes-du-Rh\u00f4ne. Discover our biodynamic approach and commitment to biodiversity. Learn how our viticulture methods and respect for traditions enhance the quality and complexity of our wines.","breadcrumb":{"@id":"https:\/\/beaurenard.fr\/en\/our-land\/#breadcrumb"},"inLanguage":"en-US","potentialAction":[{"@type":"ReadAction","target":["https:\/\/beaurenard.fr\/en\/our-land\/"]}]},{"@type":"ImageObject","inLanguage":"en-US","@id":"https:\/\/beaurenard.fr\/en\/our-land\/#primaryimage","url":"https:\/\/beaurenard.fr\/wp-content\/uploads\/2024\/06\/photo-geste-1024x623.png","contentUrl":"https:\/\/beaurenard.fr\/wp-content\/uploads\/2024\/06\/photo-geste-1024x623.png"},{"@type":"BreadcrumbList","@id":"https:\/\/beaurenard.fr\/en\/our-land\/#breadcrumb","itemListElement":[{"@type":"ListItem","position":1,"name":"Accueil","item":"https:\/\/beaurenard.fr\/en\/"},{"@type":"ListItem","position":2,"name":"Our land"}]},{"@type":"WebSite","@id":"https:\/\/beaurenard.fr\/#website","url":"https:\/\/beaurenard.fr\/","name":"Domaine Beaurenard","description":"Famille Coulon","publisher":{"@id":"https:\/\/beaurenard.fr\/#organization"},"potentialAction":[{"@type":"SearchAction","target":{"@type":"EntryPoint","urlTemplate":"https:\/\/beaurenard.fr\/?s={search_term_string}"},"query-input":{"@type":"PropertyValueSpecification","valueRequired":true,"valueName":"search_term_string"}}],"inLanguage":"en-US"},{"@type":"Organization","@id":"https:\/\/beaurenard.fr\/#organization","name":"Domaine Beaurenard","url":"https:\/\/beaurenard.fr\/","logo":{"@type":"ImageObject","inLanguage":"en-US","@id":"https:\/\/beaurenard.fr\/#\/schema\/logo\/image\/","url":"https:\/\/beaurenard.fr\/wp-content\/uploads\/2024\/06\/logo-couleur.svg","contentUrl":"https:\/\/beaurenard.fr\/wp-content\/uploads\/2024\/06\/logo-couleur.svg","width":213,"height":168,"caption":"Domaine Beaurenard"},"image":{"@id":"https:\/\/beaurenard.fr\/#\/schema\/logo\/image\/"}}]}},"_links":{"self":[{"href":"https:\/\/beaurenard.fr\/en\/wp-json\/wp\/v2\/pages\/1771","targetHints":{"allow":["GET"]}}],"collection":[{"href":"https:\/\/beaurenard.fr\/en\/wp-json\/wp\/v2\/pages"}],"about":[{"href":"https:\/\/beaurenard.fr\/en\/wp-json\/wp\/v2\/types\/page"}],"author":[{"embeddable":true,"href":"https:\/\/beaurenard.fr\/en\/wp-json\/wp\/v2\/users\/1"}],"replies":[{"embeddable":true,"href":"https:\/\/beaurenard.fr\/en\/wp-json\/wp\/v2\/comments?post=1771"}],"version-history":[{"count":5,"href":"https:\/\/beaurenard.fr\/en\/wp-json\/wp\/v2\/pages\/1771\/revisions"}],"predecessor-version":[{"id":2067,"href":"https:\/\/beaurenard.fr\/en\/wp-json\/wp\/v2\/pages\/1771\/revisions\/2067"}],"wp:attachment":[{"href":"https:\/\/beaurenard.fr\/en\/wp-json\/wp\/v2\/media?parent=1771"}],"curies":[{"name":"wp","href":"https:\/\/api.w.org\/{rel}","templated":true}]}}